{"id":348,"date":"2020-11-05T15:31:41","date_gmt":"2020-11-05T14:31:41","guid":{"rendered":"http:\/\/galo-mf.pl\/?page_id=348"},"modified":"2020-11-05T15:31:41","modified_gmt":"2020-11-05T14:31:41","slug":"logistikangebot-2","status":"publish","type":"page","link":"https:\/\/galo-mf.pl\/index.php\/logistikangebot-2\/","title":{"rendered":"Logistikangebot"},"content":{"rendered":"\n<p>Gerne unterbreiten wir Ihnen ein Angebot, das kompetent und zuverl\u00e4ssig durchgef\u00fchrte Transportdienstleistungen innerhalb Europas beinhaltet. Sie k\u00f6nnen sich ein kostenloses Angebot ganz einfach per E-Mail bei uns einholen, f\u00fcr das wir lediglich folgende Informationen br\u00e4uchten:<\/p>\n\n\n\n<p>&#8211; Ma\u00dfen und Anzahl der Waren<br>&#8211; Gesamtgewicht<br>&#8211; Abhol- und Lieferungsdatum<br>&#8211; Tauschpaletten (vorhanden?)<\/p>\n\n\n\n<p>Sobald uns diese Informationen vorliegen, kann ein Angebot f\u00fcr Sie berechnet werden.<br>Falls es f\u00fcr Sie nicht konkurrenzf\u00e4hig sein sollte, werden Sie einen Vergleich zu Ihrem aktuellen Logistikpartner gewinnen k\u00f6nnen.<\/p>\n\n\n\n<p>\u00dcber uns:<\/p>\n\n\n\n<p>Unser polnisches Unternehmen \u00fcberzeugt von Ihrer Qualit\u00e4t seit 2010. Wir verf\u00fcgen sowohl \u00fcber eigene Wagen, als auch \u00fcber gute Kontakte zu gepr\u00fcften Partnerunternehmen innerhalb Europas.<br>Unsere Dienstleistungen k\u00f6nnen zwischen 1kg und 24 t als Standard oder Expresslieferung durchf\u00fchren.<br>Wir w\u00fcrden uns freuen auch Sie als unsere Kunden begr\u00fc\u00dfen zu d\u00fcrfen.<\/p>\n\n\n\n<p><a href=\"http:\/\/galo-mf.pl\/index.php\/kontakt\/\">Kontaktformular<\/a><\/p>\n","protected":false},"excerpt":{"rendered":"<p>Gerne unterbreiten wir Ihnen ein Angebot, das kompetent und zuverl\u00e4ssig durchgef\u00fchrte Transportdienstleistungen innerhalb Europas beinhaltet. Sie k\u00f6nnen sich ein kostenloses Angebot ganz einfach per E-Mail bei uns einholen, f\u00fcr das wir lediglich folgende Informationen br\u00e4uchten: &#8211; Ma\u00dfen und Anzahl der Waren&#8211; Gesamtgewicht&#8211; Abhol- und Lieferungsdatum&#8211; Tauschpaletten (vorhanden?) Sobald uns diese Informationen vorliegen, kann ein Angebot [&hellip;]<\/p>\n","protected":false},"author":1,"featured_media":0,"parent":0,"menu_order":0,"comment_status":"closed","ping_status":"closed","template":"page-fullwidth.php","meta":[],"_links":{"self":[{"href":"https:\/\/galo-mf.pl\/index.php\/wp-json\/wp\/v2\/pages\/348"}],"collection":[{"href":"https:\/\/galo-mf.pl\/index.php\/wp-json\/wp\/v2\/pages"}],"about":[{"href":"https:\/\/galo-mf.pl\/index.php\/wp-json\/wp\/v2\/types\/page"}],"author":[{"embeddable":true,"href":"https:\/\/galo-mf.pl\/index.php\/wp-json\/wp\/v2\/users\/1"}],"replies":[{"embeddable":true,"href":"https:\/\/galo-mf.pl\/index.php\/wp-json\/wp\/v2\/comments?post=348"}],"version-history":[{"count":2,"href":"https:\/\/galo-mf.pl\/index.php\/wp-json\/wp\/v2\/pages\/348\/revisions"}],"predecessor-version":[{"id":350,"href":"https:\/\/galo-mf.pl\/index.php\/wp-json\/wp\/v2\/pages\/348\/revisions\/350"}],"wp:attachment":[{"href":"https:\/\/galo-mf.pl\/index.php\/wp-json\/wp\/v2\/media?parent=348"}],"curies":[{"name":"wp","href":"https:\/\/api.w.org\/{rel}","templated":true}]}}