{"id":53,"date":"2016-10-12T20:15:22","date_gmt":"2016-10-12T20:15:22","guid":{"rendered":"http:\/\/localhost:7777\/ariana\/?page_id=4"},"modified":"2021-11-17T00:02:04","modified_gmt":"2021-11-16T23:02:04","slug":"home-page","status":"publish","type":"page","link":"https:\/\/galo-mf.pl\/","title":{"rendered":"Home Page"},"content":{"rendered":"<p><section class=\"kc-elm kc-css-904768 kc_row\"><div class=\"kc-row-container  kc-container\"><div class=\"kc-wrap-columns\"><link href=\"https:\/\/fonts.googleapis.com\/css?family=Montserrat%3A700\" rel=\"stylesheet\" property=\"stylesheet\" type=\"text\/css\" media=\"all\" \/><link href=\"https:\/\/fonts.googleapis.com\/css?family=Source+Sans+Pro%3A400\" rel=\"stylesheet\" property=\"stylesheet\" type=\"text\/css\" media=\"all\" \/>\n<div id=\"rev_slider_1_1_wrapper\" class=\"rev_slider_wrapper fullwidthbanner-container\" style=\"margin:0px auto;background-color:transparent;padding:0px;margin-top:0px;margin-bottom:0px;\">\n<!-- START REVOLUTION SLIDER 5.2.6 fullwidth mode -->\n\t<div id=\"rev_slider_1_1\" class=\"rev_slider fullwidthabanner\" style=\"display:none;\" data-version=\"5.2.6\">\n<ul>\t<!-- SLIDE  -->\n\t<li data-index=\"rs-3\" data-transition=\"fade\" data-slotamount=\"default\" data-hideafterloop=\"0\" data-hideslideonmobile=\"off\"  data-easein=\"default\" data-easeout=\"default\" data-masterspeed=\"300\"  data-thumb=\"https:\/\/galo-mf.pl\/wp-content\/uploads\/2020\/03\/jake-blucker-OJX7gIU3E6U-unsplash-scaled-100x50.jpg\"  data-rotate=\"0\"  data-saveperformance=\"off\"  data-title=\"Slide\" data-param1=\"\" data-param2=\"\" data-param3=\"\" data-param4=\"\" data-param5=\"\" data-param6=\"\" data-param7=\"\" data-param8=\"\" data-param9=\"\" data-param10=\"\" data-description=\"\">\n\t\t<!-- MAIN IMAGE -->\n\t\t<img src=\"https:\/\/galo-mf.pl\/wp-content\/uploads\/2020\/03\/jake-blucker-OJX7gIU3E6U-unsplash-scaled.jpg\"  alt=\"\" title=\"jake-blucker-OJX7gIU3E6U-unsplash\"  width=\"2560\" height=\"1707\" data-bgposition=\"center center\" data-bgfit=\"cover\" data-bgrepeat=\"no-repeat\" class=\"rev-slidebg\" data-no-retina>\n\t\t<!-- LAYERS -->\n\n\t\t<!-- LAYER NR. 1 -->\n\t\t<div class=\"tp-caption   tp-resizeme\" \n\t\t\t id=\"slide-3-layer-3\" \n\t\t\t data-x=\"center\" data-hoffset=\"\" \n\t\t\t data-y=\"center\" data-voffset=\"\" \n\t\t\t\t\t\tdata-width=\"['auto']\"\n\t\t\tdata-height=\"['auto']\"\n\t\t\tdata-transform_idle=\"o:1;\"\n \n\t\t\t data-transform_in=\"opacity:0;s:300;e:Power2.easeInOut;\" \n\t\t\t data-transform_out=\"opacity:0;s:300;\" \n\t\t\tdata-start=\"500.00030517578\" \n\t\t\tdata-splitin=\"none\" \n\t\t\tdata-splitout=\"none\" \n\t\t\tdata-responsive_offset=\"on\" \n\n\t\t\t\n\t\t\tstyle=\"z-index: 5; white-space: nowrap; font-size: 30px; line-height: 22px; font-weight: 700; color: rgba(255, 255, 255, 1.00);font-family:Montserrat;\">Odbieramy towar z ka\u017cdego miejsca w Polsce i Europie <\/div>\n\t<\/li>\n\t<!-- SLIDE  -->\n\t<li data-index=\"rs-4\" data-transition=\"fade\" data-slotamount=\"default\" data-hideafterloop=\"0\" data-hideslideonmobile=\"off\"  data-easein=\"default\" data-easeout=\"default\" data-masterspeed=\"300\"  data-thumb=\"https:\/\/galo-mf.pl\/wp-content\/uploads\/2020\/03\/seb-creativo-3jG-UM8IZ40-unsplash-scaled-100x50.jpg\"  data-rotate=\"0\"  data-saveperformance=\"off\"  data-title=\"Slide\" data-param1=\"\" data-param2=\"\" data-param3=\"\" data-param4=\"\" data-param5=\"\" data-param6=\"\" data-param7=\"\" data-param8=\"\" data-param9=\"\" data-param10=\"\" data-description=\"\">\n\t\t<!-- MAIN IMAGE -->\n\t\t<img src=\"https:\/\/galo-mf.pl\/wp-content\/uploads\/2020\/03\/seb-creativo-3jG-UM8IZ40-unsplash-scaled.jpg\"  alt=\"ciezarowka\" title=\"seb-creativo-3jG-UM8IZ40-unsplash\"  width=\"2560\" height=\"1707\" data-bgposition=\"center center\" data-bgfit=\"cover\" data-bgrepeat=\"no-repeat\" class=\"rev-slidebg\" data-no-retina>\n\t\t<!-- LAYERS -->\n\n\t\t<!-- LAYER NR. 1 -->\n\t\t<div class=\"tp-caption   tp-resizeme\" \n\t\t\t id=\"slide-4-layer-3\" \n\t\t\t data-x=\"center\" data-hoffset=\"\" \n\t\t\t data-y=\"98\" \n\t\t\t\t\t\tdata-width=\"['auto']\"\n\t\t\tdata-height=\"['auto']\"\n\t\t\tdata-transform_idle=\"o:1;\"\n \n\t\t\t data-transform_in=\"opacity:0;s:300;e:Power2.easeInOut;\" \n\t\t\t data-transform_out=\"opacity:0;s:300;\" \n\t\t\tdata-start=\"500\" \n\t\t\tdata-splitin=\"none\" \n\t\t\tdata-splitout=\"none\" \n\t\t\tdata-responsive_offset=\"on\" \n\n\t\t\t data-end=\"9000\" \n\n\t\t\tstyle=\"z-index: 5; white-space: nowrap; font-size: 40px; line-height: 22px; font-weight: 700; color: rgba(255, 255, 255, 1.00);font-family:Montserrat;\">Nasza nowa strona ju\u017c dzia\u0142a! <\/div>\n\n\t\t<!-- LAYER NR. 2 -->\n\t\t<div class=\"tp-caption   tp-resizeme\" \n\t\t\t id=\"slide-4-layer-4\" \n\t\t\t data-x=\"center\" data-hoffset=\"\" \n\t\t\t data-y=\"155\" \n\t\t\t\t\t\tdata-width=\"['816']\"\n\t\t\tdata-height=\"['47']\"\n\t\t\tdata-transform_idle=\"o:1;\"\n \n\t\t\t data-transform_in=\"opacity:0;s:300;e:Power2.easeInOut;\" \n\t\t\t data-transform_out=\"opacity:0;s:300;\" \n\t\t\tdata-start=\"500.00030517578\" \n\t\t\tdata-splitin=\"none\" \n\t\t\tdata-splitout=\"none\" \n\t\t\tdata-responsive_offset=\"on\" \n\n\t\t\t\n\t\t\tstyle=\"z-index: 6; min-width: 816px; max-width: 816px; max-width: 47px; max-width: 47px; white-space: normal; font-size: 16px; line-height: 22px; font-weight: 400; color: rgba(255, 255, 255, 1.00);font-family:Source Sans Pro;text-align:center;\">Strona dzia\u0142a od niedawna, jednak na drogach Europy jeste\u015bmy ju\u017c \u0142adnych par\u0119 lat. Zapraszamy do zapoznania si\u0119 z nasz\u0105 ofert\u0105. Kilka informacji wymaga uaktualnienia, ale kontakt z nami ju\u017c jest! <\/div>\n\t<\/li>\n<\/ul>\n<script>var htmlDiv = document.getElementById(\"rs-plugin-settings-inline-css\"); var htmlDivCss=\"\";\r\n\t\t\t\t\t\tif(htmlDiv) {\r\n\t\t\t\t\t\t\thtmlDiv.innerHTML = htmlDiv.innerHTML + htmlDivCss;\r\n\t\t\t\t\t\t}else{\r\n\t\t\t\t\t\t\tvar htmlDiv = document.createElement(\"div\");\r\n\t\t\t\t\t\t\thtmlDiv.innerHTML = \"<style>\" + htmlDivCss + \"<\/style>\";\r\n\t\t\t\t\t\t\tdocument.getElementsByTagName(\"head\")[0].appendChild(htmlDiv.childNodes[0]);\r\n\t\t\t\t\t\t}\r\n\t\t\t\t\t<\/script>\n<div class=\"tp-bannertimer tp-bottom\" style=\"visibility: hidden !important;\"><\/div>\t<\/div>\n<script>var htmlDiv = document.getElementById(\"rs-plugin-settings-inline-css\"); var htmlDivCss=\"\";\r\n\t\t\t\tif(htmlDiv) {\r\n\t\t\t\t\thtmlDiv.innerHTML = htmlDiv.innerHTML + htmlDivCss;\r\n\t\t\t\t}else{\r\n\t\t\t\t\tvar htmlDiv = document.createElement(\"div\");\r\n\t\t\t\t\thtmlDiv.innerHTML = \"<style>\" + htmlDivCss + \"<\/style>\";\r\n\t\t\t\t\tdocument.getElementsByTagName(\"head\")[0].appendChild(htmlDiv.childNodes[0]);\r\n\t\t\t\t}\r\n\t\t\t<\/script>\n\t\t<script type=\"text\/javascript\">\r\n\t\t\t\t\t\t\/******************************************\r\n\t\t\t\t-\tPREPARE PLACEHOLDER FOR SLIDER\t-\r\n\t\t\t******************************************\/\r\n\r\n\t\t\tvar setREVStartSize=function(){\r\n\t\t\t\ttry{var e=new Object,i=jQuery(window).width(),t=9999,r=0,n=0,l=0,f=0,s=0,h=0;\r\n\t\t\t\t\te.c = jQuery('#rev_slider_1_1');\r\n\t\t\t\t\te.gridwidth = [1240];\r\n\t\t\t\t\te.gridheight = [650];\r\n\t\t\t\t\t\t\t\r\n\t\t\t\t\te.sliderLayout = \"fullwidth\";\r\n\t\t\t\t\tif(e.responsiveLevels&&(jQuery.each(e.responsiveLevels,function(e,f){f>i&&(t=r=f,l=e),i>f&&f>r&&(r=f,n=e)}),t>r&&(l=n)),f=e.gridheight[l]||e.gridheight[0]||e.gridheight,s=e.gridwidth[l]||e.gridwidth[0]||e.gridwidth,h=i\/s,h=h>1?1:h,f=Math.round(h*f),\"fullscreen\"==e.sliderLayout){var u=(e.c.width(),jQuery(window).height());if(void 0!=e.fullScreenOffsetContainer){var c=e.fullScreenOffsetContainer.split(\",\");if (c) jQuery.each(c,function(e,i){u=jQuery(i).length>0?u-jQuery(i).outerHeight(!0):u}),e.fullScreenOffset.split(\"%\").length>1&&void 0!=e.fullScreenOffset&&e.fullScreenOffset.length>0?u-=jQuery(window).height()*parseInt(e.fullScreenOffset,0)\/100:void 0!=e.fullScreenOffset&&e.fullScreenOffset.length>0&&(u-=parseInt(e.fullScreenOffset,0))}f=u}else void 0!=e.minHeight&&f<e.minHeight&&(f=e.minHeight);e.c.closest(\".rev_slider_wrapper\").css({height:f})\r\n\t\t\t\t\t\r\n\t\t\t\t}catch(d){console.log(\"Failure at Presize of Slider:\"+d)}\r\n\t\t\t};\r\n\t\t\t\r\n\t\t\tsetREVStartSize();\r\n\t\t\t\r\n\t\t\t\t\t\tvar tpj=jQuery;\r\n\t\t\t\r\n\t\t\tvar revapi1;\r\n\t\t\ttpj(document).ready(function() {\n\t\t\t\tif(tpj(\"#rev_slider_1_1\").revolution == undefined){\n\t\t\t\t\trevslider_showDoubleJqueryError(\"#rev_slider_1_1\");\n\t\t\t\t}else{\n\t\t\t\t\trevapi1 = tpj(\"#rev_slider_1_1\").show().revolution({\n\t\t\t\t\t\tsliderType:\"standard\",\njsFileLocation:\"\/\/galo-mf.pl\/wp-content\/plugins\/revslider\/public\/assets\/js\/\",\n\t\t\t\t\t\tsliderLayout:\"fullwidth\",\n\t\t\t\t\t\tdottedOverlay:\"none\",\n\t\t\t\t\t\tdelay:9000,\n\t\t\t\t\t\tnavigation: {\n\t\t\t\t\t\t\tkeyboardNavigation:\"off\",\n\t\t\t\t\t\t\tkeyboard_direction: \"horizontal\",\n\t\t\t\t\t\t\tmouseScrollNavigation:\"off\",\n \t\t\t\t\t\t\tmouseScrollReverse:\"default\",\n\t\t\t\t\t\t\tonHoverStop:\"off\",\n\t\t\t\t\t\t\tarrows: {\n\t\t\t\t\t\t\t\tstyle:\"hades\",\n\t\t\t\t\t\t\t\tenable:true,\n\t\t\t\t\t\t\t\thide_onmobile:false,\n\t\t\t\t\t\t\t\thide_onleave:false,\n\t\t\t\t\t\t\t\ttmp:'<div class=\"tp-arr-allwrapper\">\t<div class=\"tp-arr-imgholder\"><\/div><\/div>',\n\t\t\t\t\t\t\t\tleft: {\n\t\t\t\t\t\t\t\t\th_align:\"left\",\n\t\t\t\t\t\t\t\t\tv_align:\"center\",\n\t\t\t\t\t\t\t\t\th_offset:20,\n\t\t\t\t\t\t\t\t\tv_offset:0\n\t\t\t\t\t\t\t\t},\n\t\t\t\t\t\t\t\tright: {\n\t\t\t\t\t\t\t\t\th_align:\"right\",\n\t\t\t\t\t\t\t\t\tv_align:\"center\",\n\t\t\t\t\t\t\t\t\th_offset:20,\n\t\t\t\t\t\t\t\t\tv_offset:0\n\t\t\t\t\t\t\t\t}\n\t\t\t\t\t\t\t}\n\t\t\t\t\t\t},\n\t\t\t\t\t\tvisibilityLevels:[1240,1024,778,480],\n\t\t\t\t\t\tgridwidth:1240,\n\t\t\t\t\t\tgridheight:650,\n\t\t\t\t\t\tlazyType:\"none\",\n\t\t\t\t\t\tshadow:0,\n\t\t\t\t\t\tspinner:\"spinner0\",\n\t\t\t\t\t\tstopLoop:\"off\",\n\t\t\t\t\t\tstopAfterLoops:-1,\n\t\t\t\t\t\tstopAtSlide:-1,\n\t\t\t\t\t\tshuffle:\"off\",\n\t\t\t\t\t\tautoHeight:\"off\",\n\t\t\t\t\t\tdisableProgressBar:\"on\",\n\t\t\t\t\t\thideThumbsOnMobile:\"off\",\n\t\t\t\t\t\thideSliderAtLimit:0,\n\t\t\t\t\t\thideCaptionAtLimit:0,\n\t\t\t\t\t\thideAllCaptionAtLilmit:0,\n\t\t\t\t\t\tdebugMode:false,\n\t\t\t\t\t\tfallbacks: {\n\t\t\t\t\t\t\tsimplifyAll:\"off\",\n\t\t\t\t\t\t\tnextSlideOnWindowFocus:\"off\",\n\t\t\t\t\t\t\tdisableFocusListener:false,\n\t\t\t\t\t\t}\n\t\t\t\t\t});\n\t\t\t\t}\n\t\t\t});\t\/*ready*\/\n\t\t<\/script>\r\n\t\t<script>\r\n\t\t\t\t\tvar htmlDivCss = unescape(\".hades.tparrows%20%7B%0A%09cursor%3Apointer%3B%0A%09background%3Argba%280%2C0%2C0%2C0.25%29%3B%0A%09width%3A100px%3B%0A%09height%3A100px%3B%0A%09position%3Aabsolute%3B%0A%09display%3Ablock%3B%0A%09z-index%3A100%3B%0A%7D%0A%0A.hades.tparrows%3Abefore%20%7B%0A%09font-family%3A%20%22revicons%22%3B%0A%09font-size%3A30px%3B%0A%09color%3Argba%28255%2C%20255%2C%20255%2C%201%29%3B%0A%09display%3Ablock%3B%0A%09line-height%3A%20100px%3B%0A%09text-align%3A%20center%3B%0A%20%20transition%3A%20background%200.3s%2C%20color%200.3s%3B%0A%7D%0A.hades.tparrows.tp-leftarrow%3Abefore%20%7B%0A%09content%3A%20%22%5Ce824%22%3B%0A%7D%0A.hades.tparrows.tp-rightarrow%3Abefore%20%7B%0A%09content%3A%20%22%5Ce825%22%3B%0A%7D%0A%0A.hades.tparrows%3Ahover%3Abefore%20%7B%0A%20%20%20color%3Argba%280%2C0%2C0%2C0.5%29%3B%0A%20%20%20background%3Argba%28255%2C%20255%2C%20255%2C%201%29%3B%0A%20%7D%0A.hades%20.tp-arr-allwrapper%20%7B%0A%20%20position%3Aabsolute%3B%0A%20%20left%3A100%25%3B%0A%20%20top%3A0px%3B%0A%20%20background%3A%23888%3B%20%0A%20%20width%3A100px%3Bheight%3A100px%3B%0A%20%20-webkit-transition%3A%20all%200.3s%3B%0A%20%20transition%3A%20all%200.3s%3B%0A%20%20-ms-filter%3A%20%22progid%3Adximagetransform.microsoft.alpha%28opacity%3D0%29%22%3B%0A%20%20filter%3A%20alpha%28opacity%3D0%29%3B%0A%20%20-moz-opacity%3A%200.0%3B%0A%20%20-khtml-opacity%3A%200.0%3B%0A%20%20opacity%3A%200.0%3B%0A%20%20-webkit-transform%3A%20rotatey%28-90deg%29%3B%0A%20%20transform%3A%20rotatey%28-90deg%29%3B%0A%20%20-webkit-transform-origin%3A%200%25%2050%25%3B%0A%20%20transform-origin%3A%200%25%2050%25%3B%0A%7D%0A.hades.tp-rightarrow%20.tp-arr-allwrapper%20%7B%0A%20%20%20left%3Aauto%3B%0A%20%20%20right%3A100%25%3B%0A%20%20%20-webkit-transform-origin%3A%20100%25%2050%25%3B%0A%20%20transform-origin%3A%20100%25%2050%25%3B%0A%20%20%20-webkit-transform%3A%20rotatey%2890deg%29%3B%0A%20%20transform%3A%20rotatey%2890deg%29%3B%0A%7D%0A%0A.hades%3Ahover%20.tp-arr-allwrapper%20%7B%0A%20%20%20-ms-filter%3A%20%22progid%3Adximagetransform.microsoft.alpha%28opacity%3D100%29%22%3B%0A%20%20filter%3A%20alpha%28opacity%3D100%29%3B%0A%20%20-moz-opacity%3A%201%3B%0A%20%20-khtml-opacity%3A%201%3B%0A%20%20opacity%3A%201%3B%20%20%0A%20%20%20%20-webkit-transform%3A%20rotatey%280deg%29%3B%0A%20%20transform%3A%20rotatey%280deg%29%3B%0A%0A%20%7D%0A%20%20%20%20%0A.hades%20.tp-arr-iwrapper%20%7B%0A%7D%0A.hades%20.tp-arr-imgholder%20%7B%0A%20%20background-size%3Acover%3B%0A%20%20position%3Aabsolute%3B%0A%20%20top%3A0px%3Bleft%3A0px%3B%0A%20%20width%3A100%25%3Bheight%3A100%25%3B%0A%7D%0A.hades%20.tp-arr-titleholder%20%7B%0A%7D%0A.hades%20.tp-arr-subtitleholder%20%7B%0A%7D%0A%0A\");\r\n\t\t\t\t\tvar htmlDiv = document.getElementById('rs-plugin-settings-inline-css');\r\n\t\t\t\t\tif(htmlDiv) {\r\n\t\t\t\t\t\thtmlDiv.innerHTML = htmlDiv.innerHTML + htmlDivCss;\r\n\t\t\t\t\t}\r\n\t\t\t\t\telse{\r\n\t\t\t\t\t\tvar htmlDiv = document.createElement('div');\r\n\t\t\t\t\t\thtmlDiv.innerHTML = '<style>' + htmlDivCss + '<\/style>';\r\n\t\t\t\t\t\tdocument.getElementsByTagName('head')[0].appendChild(htmlDiv.childNodes[0]);\r\n\t\t\t\t\t}\r\n\t\t\t\t  <\/script>\r\n\t\t\t\t<\/div><!-- END REVOLUTION SLIDER --><div class=\"kc-elm kc-css-879453 kc_col-sm-12 kc_column kc_col-sm-12\"><div class=\"kc-col-container\"><\/div><\/div><\/div><\/div><\/section><section class=\"kc-elm kc-css-432723 kc_row\"><div class=\"kc-row-container\"><div class=\"kc-wrap-columns\"><div class=\"kc-elm kc-css-595370 kc_col-sm-12 kc_column kc_col-sm-12\"><div class=\"kc-col-container\">\r\n<!-- START ABOUT FEATURE CONTENT -->\r\n<section id=\"service\" class=\"feature section-padding\">\r\n\t<div class=\"container\">\r\n\t\t<div class=\"row text-center\">\r\n\t\t\r\n\t\t\t<div class=\"section-title wow zoomIn\">\r\n\t\t\t\t\t\t\t\t<h2>Poznaj Nas<\/h2>\r\n\t\t\t\t<span><\/span>\r\n\t\t\t\t\t\t\t\t<p>Zajmujemy si\u0119 transportem od 2010 roku. Specjalizujemy si\u0119 w spedycji i transporcie ekspresowym dedykowanym. \u015awiadczymy sta\u0142e us\u0142ugi dla mi\u0119dzynarodowych korporacji i poszukujemy sta\u0142ych oraz dorywczych przewoz\u00f3w krajowych i mi\u0119dzynarodowych.<\/p>\r\n\t\t\t\t\t\t\t<\/div>\r\n\t\t\t\r\n\t\t\t\r\n\t\t\t\t\t\t\r\n\t\t<\/div><!--- END ROW -->\r\n\t<\/div><!--- END CONTAINER -->\r\n<\/section>\r\n<!-- END ABOUT FEATURE CONTENT -->\r\n\t\t\r\n\r\n\t\t<!-- PROMOTION -->\r\n\t\t<section class=\"buy_now\">\r\n\t\t\t<div class=\"container text-center\">\r\n\t\t\t\t<h3 class=\"buy_now_title\">Potrzebujesz transportu?<a href=\"index.php\/kontakt\/\" class=\"btn btn-default btn-promotion-bg\">Popro\u015b o wycen\u0119<\/a> <\/h3>\r\n\t\t\t<\/div><!--- END CONTAINER -->\r\n\t\t<\/section>\r\n\t\t<!-- END PROMOTION -->\r\n\t\t\r\n\r\n<!-- START ABOUT FEATURE CONTENT -->\r\n<section id=\"service\" class=\"feature section-padding\">\r\n\t<div class=\"container\">\r\n\t\t<div class=\"row text-center\">\r\n\t\t\r\n\t\t\t<div class=\"section-title wow zoomIn\">\r\n\t\t\t\t\t\t\t\t<p>Odbierzemy towar dla Pa\u0144stwa z ka\u017cdego miejsca w Polsce i w Europie i dostarczymy gdzie trzeba. Wykonujemy ekspresowe dostawy z dedykowanym autem i kierowc\u0105 tylko dla Pa\u0144stwa us\u0142ugi. Dysponujemy autami od 3,5 tonowego vana do 40 tonowych zestaw\u00f3w, wi\u0119c pr\u0119dko\u015b\u0107 i czas to sprawa umowna. Prosimy przedstawi\u0107 problem z transportem, a my sobie z tym poradzimy.<\/p>\r\n\t\t\t\t\t\t\t<\/div>\r\n\t\t\t\r\n\t\t\t\r\n\t\t\t\r\n\t\r\n\t<div class=\"section-title wow zoomIn text-center\">\r\n\t\t\t\t\t<h2>Skontaktuj si\u0119 z Nami<\/h2>\t\t\r\n\t\t<span><\/span>\r\n\t\t\t<\/div>\r\n\t\r\n\t\t\r\n\t\t\t\r\n\t\t<\/div><!--- END ROW -->\r\n\t<\/div><!--- END CONTAINER -->\r\n<\/section>\r\n<!-- END ABOUT FEATURE CONTENT -->\r\n\t\t\r\n<\/div><\/div><\/div><\/div><\/section><section id=\"contact\" class=\"kc-elm kc-css-605273 kc_row\"><div class=\"kc-row-container\"><div class=\"kc-wrap-columns\"><div class=\"kc-elm kc-css-412348 kc_col-sm-12 kc_column kc_col-sm-12\"><div class=\"kc-col-container\"><\/div><\/div><\/div><\/div><\/section><section class=\"kc-elm kc-css-997585 kc_row\"><div class=\"kc-row-container\"><div class=\"kc-wrap-columns\"><div class=\"kc-elm kc-css-358287 kc_col-sm-4 kc_column kc_col-sm-4\"><div class=\"kc-col-container\">\n<div class=\"kc-elm kc-css-906966 divider_line\">\n\t<div class=\"divider_inner divider_line1\">\n\t\t\t<\/div>\n<\/div>\n<div class=\"kc-elm kc-css-987019 kc_text_block\"><\/p>\n<section id=\"text-2\" class=\"widget widget_text\" style=\"box-sizing: inherit; padding-bottom: 3em; overflow-wrap: break-word; color: #333333; font-family: &#039;Libre Franklin&#039;, &#039;Helvetica Neue&#039;, helvetica, arial, sans-serif; font-size: 14px;\">\n<div class=\"textwidget\" style=\"box-sizing: inherit;\">\n<p style=\"box-sizing: inherit; margin-bottom: 1.5em; padding: 0px;\"><span style=\"box-sizing: inherit; font-weight: bold;\">Adres korespondencyjny:<\/span><br style=\"box-sizing: inherit;\">ul. Cisowa 24<br style=\"box-sizing: inherit;\">62-571 Stare Miasto<\/p>\n<p><span style=\"font-weight: 600;\">Godziny pracy biura:<\/span><br \/>Poniedzia\u0142ek\u2014pi\u0105tek: 8:00\u201316:00<br \/>Sobota &#038; Niedziela: 11:00\u201315:00<\/p>\n<p><span style=\"font-style: inherit;\">Kontakt tel. 24 h<\/span><\/p>\n<\/div>\n<\/section>\n<p>\n<\/div><\/div><\/div><div class=\"kc-elm kc-css-623767 kc_col-sm-4 kc_column kc_col-sm-4\"><div class=\"kc-col-container\">\n<div class=\"kc-elm kc-css-183887 divider_line\">\n\t<div class=\"divider_inner divider_line1\">\n\t\t\t<\/div>\n<\/div>\n\n<div class=\"kc-elm kc-css-351634 kc-team kc-team-2\">\n\n\t<div class=\"box-right\"><div class=\"content-title\">Filip Ostrowski<\/div><div class=\"content-subtitle\">filip.ostrowski@galo-mf.pl<\/div><div class=\"content-desc\">+48 725 313 100<\/div><\/div>\n<\/div>\n\n<div class=\"kc-elm kc-css-667622 divider_line\">\n\t<div class=\"divider_inner divider_line1\">\n\t\t\t<\/div>\n<\/div>\n\n<div class=\"kc-elm kc-css-279389 kc-team kc-team-2\">\n\n\t<div class=\"box-right\"><div class=\"content-title\">Bart\u0142omiej Ostrowski<\/div><div class=\"content-subtitle\">bartek.ostrowski@galo-mf.pl<\/div><div class=\"content-desc\">+48 730 066 700 | \r\n+48 729 207 719<\/div><\/div>\n<\/div>\n<\/div><\/div><div class=\"kc-elm kc-css-885982 kc_col-sm-4 kc_column kc_col-sm-4\"><div class=\"kc-col-container\"><div class=\"kc-contact-form7 kc-elm kc-css-505389\"><h2>Formularz kontaktowy<\/h2><div role=\"form\" class=\"wpcf7\" id=\"wpcf7-f48-o1\" lang=\"pl-PL\" dir=\"ltr\">\n<div class=\"screen-reader-response\"><p role=\"status\" aria-live=\"polite\" aria-atomic=\"true\"><\/p> <ul><\/ul><\/div>\n<form action=\"\/index.php\/wp-json\/wp\/v2\/pages\/53#wpcf7-f48-o1\" method=\"post\" class=\"wpcf7-form init\" novalidate=\"novalidate\" data-status=\"init\">\n<div style=\"display: none;\">\n<input type=\"hidden\" name=\"_wpcf7\" value=\"48\" \/>\n<input type=\"hidden\" name=\"_wpcf7_version\" value=\"5.5.2\" \/>\n<input type=\"hidden\" name=\"_wpcf7_locale\" value=\"pl_PL\" \/>\n<input type=\"hidden\" name=\"_wpcf7_unit_tag\" value=\"wpcf7-f48-o1\" \/>\n<input type=\"hidden\" name=\"_wpcf7_container_post\" value=\"0\" \/>\n<input type=\"hidden\" name=\"_wpcf7_posted_data_hash\" value=\"\" \/>\n<\/div>\n<p><label> Imi\u0119 i nazwisko \/ Name (wymagane\/required\/erforderlich)<br \/>\n    <span class=\"wpcf7-form-control-wrap your-name\"><input type=\"text\" name=\"your-name\" value=\"\" size=\"40\" class=\"wpcf7-form-control wpcf7-text wpcf7-validates-as-required\" aria-required=\"true\" aria-invalid=\"false\" \/><\/span> <\/label><\/p>\n<p><label> Adres email (wymagane\/required\/erforderlich)<br \/>\n    <span class=\"wpcf7-form-control-wrap your-email\"><input type=\"email\" name=\"your-email\" value=\"\" size=\"40\" class=\"wpcf7-form-control wpcf7-text wpcf7-email wpcf7-validates-as-required wpcf7-validates-as-email\" aria-required=\"true\" aria-invalid=\"false\" \/><\/span> <\/label><\/p>\n<p><label> Temat \/ matter \/ Thema<br \/>\n    <span class=\"wpcf7-form-control-wrap your-subject\"><input type=\"text\" name=\"your-subject\" value=\"\" size=\"40\" class=\"wpcf7-form-control wpcf7-text\" aria-invalid=\"false\" \/><\/span> <\/label><\/p>\n<p><label> Tre\u015b\u0107 wiadomo\u015bci \/ contents \/ Inhalt<br \/>\n    <span class=\"wpcf7-form-control-wrap your-message\"><textarea name=\"your-message\" cols=\"40\" rows=\"10\" class=\"wpcf7-form-control wpcf7-textarea\" aria-invalid=\"false\"><\/textarea><\/span> <\/label><\/p>\n<p><input type=\"submit\" value=\"Wy\u015blij\/send\/senden\" class=\"wpcf7-form-control has-spinner wpcf7-submit\" \/><\/p>\n<p style=\"display: none !important;\"><label>&#916;<textarea name=\"_wpcf7_ak_hp_textarea\" cols=\"45\" rows=\"8\" maxlength=\"100\"><\/textarea><\/label><input type=\"hidden\" id=\"ak_js\" name=\"_wpcf7_ak_js\" value=\"171\"\/><script>document.getElementById( \"ak_js\" ).setAttribute( \"value\", ( new Date() ).getTime() );<\/script><\/p><div class=\"wpcf7-response-output\" aria-hidden=\"true\"><\/div><\/form><\/div><\/div><\/div><\/div><\/div><\/div><\/section><section class=\"kc-elm kc-css-191431 kc_row\"><div class=\"kc-row-container  kc-container\"><div class=\"kc-wrap-columns\"><div class=\"kc-elm kc-css-832861 kc_col-sm-12 kc_column kc_col-sm-12\"><div class=\"kc-col-container\"><div class=\"kc-elm kc-css-871933 kc_shortcode kc_single_image\">\n\n        <img src=\"https:\/\/galo-mf.pl\/wp-content\/uploads\/2021\/11\/257273857_912524549651774_4919644485231054122_n.png\" class=\"\" alt=\"\" \/>    <\/div>\n<\/div><\/div><\/div><\/div><\/section><\/p>\n","protected":false},"excerpt":{"rendered":"","protected":false},"author":1,"featured_media":0,"parent":0,"menu_order":0,"comment_status":"closed","ping_status":"closed","template":"kc-template.php","meta":[],"_links":{"self":[{"href":"https:\/\/galo-mf.pl\/index.php\/wp-json\/wp\/v2\/pages\/53"}],"collection":[{"href":"https:\/\/galo-mf.pl\/index.php\/wp-json\/wp\/v2\/pages"}],"about":[{"href":"https:\/\/galo-mf.pl\/index.php\/wp-json\/wp\/v2\/types\/page"}],"author":[{"embeddable":true,"href":"https:\/\/galo-mf.pl\/index.php\/wp-json\/wp\/v2\/users\/1"}],"replies":[{"embeddable":true,"href":"https:\/\/galo-mf.pl\/index.php\/wp-json\/wp\/v2\/comments?post=53"}],"version-history":[{"count":114,"href":"https:\/\/galo-mf.pl\/index.php\/wp-json\/wp\/v2\/pages\/53\/revisions"}],"predecessor-version":[{"id":389,"href":"https:\/\/galo-mf.pl\/index.php\/wp-json\/wp\/v2\/pages\/53\/revisions\/389"}],"wp:attachment":[{"href":"https:\/\/galo-mf.pl\/index.php\/wp-json\/wp\/v2\/media?parent=53"}],"curies":[{"name":"wp","href":"https:\/\/api.w.org\/{rel}","templated":true}]}}